{"id":35,"date":"2019-03-30T14:15:52","date_gmt":"2019-03-30T13:15:52","guid":{"rendered":"https:\/\/psicotecnicosmanzanares.com\/?page_id=35"},"modified":"2021-04-26T12:41:27","modified_gmt":"2021-04-26T10:41:27","slug":"bienvenidos-a-psicotecnicos-herencia","status":"publish","type":"page","link":"https:\/\/psicotecnicosmanzanares.com\/","title":{"rendered":"Bienvenidos a Psicot\u00e9cnicos Manzanares"},"content":{"rendered":"<h4 align=\"center\"><img loading=\"lazy\" class=\"aligncenter size-full wp-image-186\" src=\"https:\/\/psicotecnicosmanzanares.com\/wp-content\/uploads\/2021\/04\/Certificados-PsicoManzanares.jpg\" alt=\"\" width=\"900\" height=\"363\" srcset=\"https:\/\/psicotecnicosmanzanares.com\/wp-content\/uploads\/2021\/04\/Certificados-PsicoManzanares.jpg 900w, https:\/\/psicotecnicosmanzanares.com\/wp-content\/uploads\/2021\/04\/Certificados-PsicoManzanares-300x121.jpg 300w, https:\/\/psicotecnicosmanzanares.com\/wp-content\/uploads\/2021\/04\/Certificados-PsicoManzanares-768x310.jpg 768w\" sizes=\"(max-width: 900px) 100vw, 900px\" \/><\/h4>\n<h4 style=\"margin: 0cm; margin-bottom: .0001pt; text-align: center; background: white;\" align=\"center\"><strong><span style=\"font-family: 'Arial',sans-serif; color: #0088cc;\">Psicot\u00e9cnicos Manzanares<\/span><\/strong><span style=\"font-family: 'Arial',sans-serif; color: #404040;\">,\u00a0<strong><span style=\"font-family: 'Arial',sans-serif;\">Centro Oficial de Reconocimiento M\u00e9dico de Conductores y Cazadores<\/span><\/strong><br \/>\n<strong><span style=\"font-family: 'Arial',sans-serif;\">Autorizado por la Direcci\u00f3n General de Tr\u00e1fico (N\u00ba CR-0049)<\/span><\/strong><\/span><\/h4>\n<p style=\"background: white; font-variant-ligatures: normal; font-variant-caps: normal; orphans: 2; text-align: start; widows: 2; -webkit-text-stroke-width: 0px; text-decoration-thickness: initial; text-decoration-style: initial; text-decoration-color: initial; word-spacing: 0px; margin: 0cm 0cm 22.5pt 0cm;\"><span style=\"font-family: 'Arial',sans-serif; color: #404040;\">\u00a0<\/span><\/p>\n<p style=\"text-align: justify; background: white; font-variant-ligatures: normal; font-variant-caps: normal; orphans: 2; widows: 2; -webkit-text-stroke-width: 0px; text-decoration-thickness: initial; text-decoration-style: initial; text-decoration-color: initial; word-spacing: 0px; margin: 0cm 0cm 22.5pt 0cm;\"><strong><i><span style=\"font-family: 'Arial',sans-serif; color: #404040;\">\u00bfQu\u00e9 hacemos?<\/span><\/i><\/strong><span style=\"font-family: 'Arial',sans-serif; color: #404040;\">. Reconocimientos m\u00e9dicos para\u00a0<strong><span style=\"font-family: 'Arial',sans-serif;\">conductores y cazadores<\/span><\/strong>. Pr\u00f3rrogas, renovaciones, primera obtenci\u00f3n, etc. Todos los permisos y licencias de\u00a0<strong><span style=\"font-family: 'Arial',sans-serif;\">conducir y armas<\/span><\/strong>. Tambi\u00e9n reconocimientos para los permisos y licencias de<strong><span style=\"font-family: 'Arial',sans-serif;\">\u00a0gr\u00faas<\/span><\/strong>, tenencia de\u00a0<strong><span style=\"font-family: 'Arial',sans-serif;\">animales potencialmente peligrosos<\/span><\/strong>,<strong><span style=\"font-family: 'Arial',sans-serif;\">\u00a0seguridad privada, vigilantes de seguridad, guardas de campo privados,<\/span><\/strong>\u00a0etc.<\/span><\/p>\n<p style=\"text-align: justify; background: white; font-variant-ligatures: normal; font-variant-caps: normal; orphans: 2; widows: 2; -webkit-text-stroke-width: 0px; text-decoration-thickness: initial; text-decoration-style: initial; text-decoration-color: initial; word-spacing: 0px; margin: 0cm 0cm 22.5pt 0cm;\"><strong><i><span style=\"font-family: 'Arial',sans-serif; color: #404040;\">\u00bfCu\u00e1ndo?<\/span><\/i><\/strong><span style=\"font-family: 'Arial',sans-serif; color: #404040;\">. Estamos abiertos<strong><span style=\"font-family: 'Arial',sans-serif;\">\u00a0todos los d\u00edas<\/span><\/strong>, de\u00a0<strong><span style=\"font-family: 'Arial',sans-serif;\">lunes a viernes<\/span><\/strong>,\u00a0<strong><span style=\"font-family: 'Arial',sans-serif;\">desde las 18:30 h. a 20:30 h.<\/span><\/strong><\/span><\/p>\n<p style=\"text-align: justify; background: white; font-variant-ligatures: normal; font-variant-caps: normal; orphans: 2; widows: 2; -webkit-text-stroke-width: 0px; text-decoration-thickness: initial; text-decoration-style: initial; text-decoration-color: initial; word-spacing: 0px; margin: 0cm 0cm 22.5pt 0cm;\"><strong><i><span style=\"font-family: 'Arial',sans-serif; color: #404040;\">\u00bfD\u00f3nde?.<\/span><\/i><\/strong><span style=\"font-family: 'Arial',sans-serif; color: #404040;\">\u00a0Estamos en\u00a0<strong><span style=\"font-family: 'Arial',sans-serif;\">Manzanares, en la Avenida Emiliano Garc\u00eda Rold\u00e1n, n\u00fam. 19,<\/span><\/strong>\u00a0frente al parque del pol\u00edgono,\u00a0<strong><span style=\"font-family: 'Arial',sans-serif;\">muy pr\u00f3ximo al hospital<\/span><\/strong>, junto a la churrer\u00eda del parque y la ortopedia.<\/span><\/p>\n<p style=\"text-align: justify; background: white; font-variant-ligatures: normal; font-variant-caps: normal; orphans: 2; widows: 2; -webkit-text-stroke-width: 0px; text-decoration-thickness: initial; text-decoration-style: initial; text-decoration-color: initial; word-spacing: 0px; margin: 0cm 0cm 22.5pt 0cm;\"><strong><i><span style=\"font-family: 'Arial',sans-serif; color: #404040;\">\u00bfC\u00f3mo?.<\/span><\/i><\/strong><span style=\"font-family: 'Arial',sans-serif; color: #404040;\">\u00a0Con puntualidad, sin largas esperas, le resolvemos todos los tr\u00e1mites de manera c\u00f3moda y r\u00e1pida. Excelente zona de aparcamiento, atendemos en el acto y tambi\u00e9n, si lo prefiere, le damos cita previa llamando al tel\u00e9fono\u00a0<\/span><strong><span style=\"font-family: 'Arial',sans-serif; color: #0088cc;\">633 55 70 80<\/span><\/strong><span style=\"font-family: 'Arial',sans-serif; color: #404040;\">. Ofrecemos as\u00ed la m\u00e1xima rapidez y servicio personalizado a cada uno de nuestros clientes.<\/span><\/p>\n<p style=\"text-align: center; background: white; font-variant-ligatures: normal; font-variant-caps: normal; orphans: 2; widows: 2; -webkit-text-stroke-width: 0px; text-decoration-thickness: initial; text-decoration-style: initial; text-decoration-color: initial; word-spacing: 0px; margin: 0cm 0cm 22.5pt 0cm;\" align=\"center\"><strong><span style=\"font-family: 'Arial',sans-serif; color: #404040;\">\u00a1Gane tiempo y comodidad! \u00a1Tramitamos su renovaci\u00f3n en el acto, diga adi\u00f3s al papeleo!<\/span><\/strong><\/p>\n<h4 style=\"margin: 0cm; margin-bottom: .0001pt; text-align: center; background: white;\" align=\"center\"><span style=\"font-family: 'Arial',sans-serif; color: #0088cc;\">Ofrecemos nuestros Servicios en la provincia de Ciudad Real a las poblaciones de\u00a0<strong><span style=\"font-family: 'Arial',sans-serif;\">Manzanares, Membrilla, La Solana, Daimiel, Valdepe\u00f1as, Tomelloso, Llanos del Caudillo, Arenas de San Juan, Villarta de San Juan, Argamasilla de Alba, Cinco Casas, Consolaci\u00f3n, Alhambra, etc.<\/span><\/strong><\/span><\/h4>\n","protected":false},"excerpt":{"rendered":"<p>Psicot\u00e9cnicos Manzanares,\u00a0Centro Oficial de Reconocimiento M\u00e9dico de Conductores y Cazadores Autorizado por la Direcci\u00f3n General de Tr\u00e1fico (N\u00ba CR-0049) \u00a0 \u00bfQu\u00e9 hacemos?. Reconocimientos m\u00e9dicos para\u00a0conductores y cazadores. Pr\u00f3rrogas, renovaciones, primera <a class=\"more-link\" href=\"https:\/\/psicotecnicosmanzanares.com\/\">Continuar Leyendo \u2192<\/a><\/p>\n","protected":false},"author":2,"featured_media":0,"parent":0,"menu_order":0,"comment_status":"closed","ping_status":"closed","template":"","meta":{"spay_email":""},"jetpack_sharing_enabled":true,"jetpack_shortlink":"https:\/\/wp.me\/PaR2RI-z","_links":{"self":[{"href":"https:\/\/psicotecnicosmanzanares.com\/index.php\/wp-json\/wp\/v2\/pages\/35"}],"collection":[{"href":"https:\/\/psicotecnicosmanzanares.com\/index.php\/wp-json\/wp\/v2\/pages"}],"about":[{"href":"https:\/\/psicotecnicosmanzanares.com\/index.php\/wp-json\/wp\/v2\/types\/page"}],"author":[{"embeddable":true,"href":"https:\/\/psicotecnicosmanzanares.com\/index.php\/wp-json\/wp\/v2\/users\/2"}],"replies":[{"embeddable":true,"href":"https:\/\/psicotecnicosmanzanares.com\/index.php\/wp-json\/wp\/v2\/comments?post=35"}],"version-history":[{"count":12,"href":"https:\/\/psicotecnicosmanzanares.com\/index.php\/wp-json\/wp\/v2\/pages\/35\/revisions"}],"predecessor-version":[{"id":198,"href":"https:\/\/psicotecnicosmanzanares.com\/index.php\/wp-json\/wp\/v2\/pages\/35\/revisions\/198"}],"wp:attachment":[{"href":"https:\/\/psicotecnicosmanzanares.com\/index.php\/wp-json\/wp\/v2\/media?parent=35"}],"curies":[{"name":"wp","href":"https:\/\/api.w.org\/{rel}","templated":true}]}}