{"id":46,"date":"2019-03-30T14:43:52","date_gmt":"2019-03-30T13:43:52","guid":{"rendered":"https:\/\/psicotecnicosmanzanares.com\/?page_id=46"},"modified":"2021-04-26T12:24:18","modified_gmt":"2021-04-26T10:24:18","slug":"servicio-a-conductores","status":"publish","type":"page","link":"https:\/\/psicotecnicosmanzanares.com\/index.php\/servicios\/servicio-a-conductores\/","title":{"rendered":"Servicio a Conductores"},"content":{"rendered":"<p style=\"text-align: center;\">\r\n\t<div class=\"slideshow_container slideshow_container_style-light\" style=\"height: 250px; \" data-slideshow-id=\"21\" data-style-name=\"style-light\" data-style-version=\"2.3.1\" >\r\n\r\n\t\t\r\n\t\t<div class=\"slideshow_content\" style=\"display: none;\">\r\n\r\n\t\t\t<div class=\"slideshow_view\">\r\n\t\t\t\t<div class=\"slideshow_slide slideshow_slide_image\">\r\n\t\t\t\t\t\t\t\t\t\t\t<img src=\"https:\/\/psicotecnicosmanzanares.com\/wp-content\/uploads\/2021\/04\/Certificados-PsicoManzanares.jpg\" alt=\"Certificados-PsicoManzanares\" width=\"900\" height=\"363\" \/>\r\n\t\t\t\t\t\t\t\t\t\t<div class=\"slideshow_description_box slideshow_transparent\">\r\n\t\t\t\t\t\t<div class=\"slideshow_title\">Certificados-PsicoManzanares<\/div>\t\t\t\t\t\t\t\t\t\t\t<\/div>\r\n\t\t\t\t<\/div>\r\n\r\n\t\t\t\t\t\t<div style=\"clear: both;\"><\/div><\/div><div class=\"slideshow_view\">\r\n\t\t\t\t<div class=\"slideshow_slide slideshow_slide_image\">\r\n\t\t\t\t\t\t\t\t\t\t\t<img src=\"https:\/\/psicotecnicosmanzanares.com\/wp-content\/uploads\/2019\/03\/servicio-a-conductores.jpg\" alt=\"servicio a conductores\" width=\"900\" height=\"363\" \/>\r\n\t\t\t\t\t\t\t\t\t\t<div class=\"slideshow_description_box slideshow_transparent\">\r\n\t\t\t\t\t\t<div class=\"slideshow_title\">servicio a conductores<\/div>\t\t\t\t\t\t\t\t\t\t\t<\/div>\r\n\t\t\t\t<\/div>\r\n\r\n\t\t\t\t\t\t<div style=\"clear: both;\"><\/div><\/div><div class=\"slideshow_view\">\r\n\t\t\t\t<div class=\"slideshow_slide slideshow_slide_image\">\r\n\t\t\t\t\t\t\t\t\t\t\t<img src=\"https:\/\/psicotecnicosmanzanares.com\/wp-content\/uploads\/2019\/03\/cazadores.jpg\" alt=\"cazadores\" width=\"900\" height=\"363\" \/>\r\n\t\t\t\t\t\t\t\t\t\t<div class=\"slideshow_description_box slideshow_transparent\">\r\n\t\t\t\t\t\t<div class=\"slideshow_title\">cazadores<\/div>\t\t\t\t\t\t\t\t\t\t\t<\/div>\r\n\t\t\t\t<\/div>\r\n\r\n\t\t\t\t\t\t<div style=\"clear: both;\"><\/div><\/div><div class=\"slideshow_view\">\r\n\t\t\t\t<div class=\"slideshow_slide slideshow_slide_image\">\r\n\t\t\t\t\t\t\t\t\t\t\t<img src=\"https:\/\/psicotecnicosmanzanares.com\/wp-content\/uploads\/2019\/03\/animales-peligrosos.jpg\" alt=\"animales peligrosos\" width=\"900\" height=\"363\" \/>\r\n\t\t\t\t\t\t\t\t\t\t<div class=\"slideshow_description_box slideshow_transparent\">\r\n\t\t\t\t\t\t<div class=\"slideshow_title\">animales peligrosos<\/div>\t\t\t\t\t\t\t\t\t\t\t<\/div>\r\n\t\t\t\t<\/div>\r\n\r\n\t\t\t\t\t\t<div style=\"clear: both;\"><\/div><\/div><div class=\"slideshow_view\">\r\n\t\t\t\t<div class=\"slideshow_slide slideshow_slide_image\">\r\n\t\t\t\t\t\t\t\t\t\t\t<img src=\"https:\/\/psicotecnicosmanzanares.com\/wp-content\/uploads\/2019\/03\/vigilante-de-seguridad.jpg\" alt=\"vigilante de seguridad\" width=\"900\" height=\"363\" \/>\r\n\t\t\t\t\t\t\t\t\t\t<div class=\"slideshow_description_box slideshow_transparent\">\r\n\t\t\t\t\t\t<div class=\"slideshow_title\">vigilante de seguridad<\/div>\t\t\t\t\t\t\t\t\t\t\t<\/div>\r\n\t\t\t\t<\/div>\r\n\r\n\t\t\t\t\t\t<div style=\"clear: both;\"><\/div><\/div><div class=\"slideshow_view\">\r\n\t\t\t\t<div class=\"slideshow_slide slideshow_slide_image\">\r\n\t\t\t\t\t\t\t\t\t\t\t<img src=\"https:\/\/psicotecnicosmanzanares.com\/wp-content\/uploads\/2019\/03\/grua.jpg\" alt=\"grua\" width=\"900\" height=\"363\" \/>\r\n\t\t\t\t\t\t\t\t\t\t<div class=\"slideshow_description_box slideshow_transparent\">\r\n\t\t\t\t\t\t<div class=\"slideshow_title\">grua<\/div>\t\t\t\t\t\t\t\t\t\t\t<\/div>\r\n\t\t\t\t<\/div>\r\n\r\n\t\t\t\t\t\t<div style=\"clear: both;\"><\/div><\/div>\r\n\t\t<\/div>\r\n\r\n\t\t<div class=\"slideshow_controlPanel slideshow_transparent\" style=\"display: none;\"><ul><li class=\"slideshow_togglePlay\" data-play-text=\"Play\" data-pause-text=\"Pause\"><\/li><\/ul><\/div>\r\n\r\n\t\t<div class=\"slideshow_button slideshow_previous slideshow_transparent\" role=\"button\" data-previous-text=\"Previous\" style=\"display: none;\"><\/div>\r\n\t\t<div class=\"slideshow_button slideshow_next slideshow_transparent\" role=\"button\" data-next-text=\"Next\" style=\"display: none;\"><\/div>\r\n\r\n\t\t<div class=\"slideshow_pagination\" style=\"display: none;\" data-go-to-text=\"Go to slide\"><div class=\"slideshow_pagination_center\"><\/div><\/div>\r\n\r\n\t\t<!-- WordPress Slideshow Version 2.3.1 -->\r\n\r\n\t\t\t<\/div>\r\n\r\n<\/p>\n<h4 style=\"text-align: center;\"><span style=\"color: #0088cc;\"><strong>Psicot\u00e9cnicos Manzanares<\/strong><\/span>, <strong>Centro Oficial de Reconocimiento M\u00e9dico de Conductores y Cazadores<\/strong><br \/>\n<strong>Autorizado por la Direcci\u00f3n General de Tr\u00e1fico (N\u00ba CR-0049)<\/strong><\/h4>\n<p>.<\/p>\n<p style=\"text-align: justify;\">Hace unos a\u00f1os, renovar el carnet de conducir era un tr\u00e1mite que necesitaba de varios desplazamientos, engorroso papeleo y de una tramitaci\u00f3n lenta. A partir de la entrada en vigor de la nueva normativa, (Real Decreto 170\/2010, de 19 de febrero),\u00a0toda la tramitaci\u00f3n se ha simplificado ofreciendo la posibilidad de tramitar en el mismo\u00a0<strong>Centro de Reconocimiento de Conductores<\/strong>\u00a0la documentaci\u00f3n necesaria para\u00a0<strong>renovar el carnet de conducir<\/strong>, realizar all\u00ed mismo la<strong>\u00a0foto<\/strong>, el\u00a0<strong>pago de la tasa<\/strong>\u00a0y dejar la\u00a0<strong>documentaci\u00f3n<\/strong>\u00a0para que el\u00a0<strong>Centro de Reconocimiento de Conductores<\/strong>\u00a0la env\u00ede a la\u00a0<strong>Jefatura Provincial de Tr\u00e1fico<\/strong>.<\/p>\n<p style=\"text-align: justify;\">En\u00a0<span style=\"color: #0088cc;\"><strong>Psicot\u00e9cnicos Manzanares<\/strong><\/span>, podr\u00e1 realizar el reconocimiento m\u00e9dico para la\u00a0<strong>obtenci\u00f3n o renovaci\u00f3n de cualquier clase de permiso de conducir<\/strong>, para lo cual simplemente tendr\u00e1 que presentar su\u00a0<strong>DNI o Tarjeta de Residencia en vigor<\/strong>\u00a0y su\u00a0<strong>Permiso de conducir<\/strong>, en caso de renovaci\u00f3n.<\/p>\n<p style=\"text-align: justify;\">Una vez realizado el\u00a0<strong>reconocimiento m\u00e9dico<\/strong>\u00a0y haber resultado\u00a0<strong>APTO<\/strong>, se le entregar\u00e1 una\u00a0<strong>autorizaci\u00f3n<\/strong>\u00a0<strong>para conducir<\/strong>\u00a0hasta que reciba el nuevo permiso en su domicilio, el cual le ser\u00e1 remitido por la\u00a0<strong>Jefatura Provincial de Tr\u00e1fico en el plazo aproximado de un mes<\/strong>.<\/p>\n<p style=\"text-align: justify;\">Le atenderemos en el acto, servicio personalizado de calidad y r\u00e1pido, sin largas esperas y c\u00f3modo. Tambi\u00e9n podemos atenderle, si lo prefiere, bajo cita llamando al n\u00famero de tel\u00e9fono <span style=\"color: #0088cc;\"><strong>633 557 080.<\/strong><\/span><\/p>\n<p><img loading=\"lazy\" class=\"aligncenter size-full wp-image-31\" src=\"https:\/\/psicotecnicosmanzanares.com\/wp-content\/uploads\/2019\/03\/carnet-200.jpg\" alt=\"\" width=\"200\" height=\"200\" srcset=\"https:\/\/psicotecnicosmanzanares.com\/wp-content\/uploads\/2019\/03\/carnet-200.jpg 200w, https:\/\/psicotecnicosmanzanares.com\/wp-content\/uploads\/2019\/03\/carnet-200-150x150.jpg 150w\" sizes=\"(max-width: 200px) 100vw, 200px\" \/><\/p>\n","protected":false},"excerpt":{"rendered":"<p>Psicot\u00e9cnicos Manzanares, Centro Oficial de Reconocimiento M\u00e9dico de Conductores y Cazadores Autorizado por la Direcci\u00f3n General de Tr\u00e1fico (N\u00ba CR-0049) . Hace unos a\u00f1os, renovar el carnet de conducir era <a class=\"more-link\" href=\"https:\/\/psicotecnicosmanzanares.com\/index.php\/servicios\/servicio-a-conductores\/\">Continuar Leyendo \u2192<\/a><\/p>\n","protected":false},"author":2,"featured_media":0,"parent":20,"menu_order":1,"comment_status":"closed","ping_status":"closed","template":"","meta":{"spay_email":""},"jetpack_sharing_enabled":true,"jetpack_shortlink":"https:\/\/wp.me\/PaR2RI-K","_links":{"self":[{"href":"https:\/\/psicotecnicosmanzanares.com\/index.php\/wp-json\/wp\/v2\/pages\/46"}],"collection":[{"href":"https:\/\/psicotecnicosmanzanares.com\/index.php\/wp-json\/wp\/v2\/pages"}],"about":[{"href":"https:\/\/psicotecnicosmanzanares.com\/index.php\/wp-json\/wp\/v2\/types\/page"}],"author":[{"embeddable":true,"href":"https:\/\/psicotecnicosmanzanares.com\/index.php\/wp-json\/wp\/v2\/users\/2"}],"replies":[{"embeddable":true,"href":"https:\/\/psicotecnicosmanzanares.com\/index.php\/wp-json\/wp\/v2\/comments?post=46"}],"version-history":[{"count":7,"href":"https:\/\/psicotecnicosmanzanares.com\/index.php\/wp-json\/wp\/v2\/pages\/46\/revisions"}],"predecessor-version":[{"id":180,"href":"https:\/\/psicotecnicosmanzanares.com\/index.php\/wp-json\/wp\/v2\/pages\/46\/revisions\/180"}],"up":[{"embeddable":true,"href":"https:\/\/psicotecnicosmanzanares.com\/index.php\/wp-json\/wp\/v2\/pages\/20"}],"wp:attachment":[{"href":"https:\/\/psicotecnicosmanzanares.com\/index.php\/wp-json\/wp\/v2\/media?parent=46"}],"curies":[{"name":"wp","href":"https:\/\/api.w.org\/{rel}","templated":true}]}}