{"id":49,"date":"2019-03-30T14:46:54","date_gmt":"2019-03-30T13:46:54","guid":{"rendered":"https:\/\/psicotecnicosmanzanares.com\/?page_id=49"},"modified":"2021-04-26T12:25:10","modified_gmt":"2021-04-26T10:25:10","slug":"servicio-a-cazadores","status":"publish","type":"page","link":"https:\/\/psicotecnicosmanzanares.com\/index.php\/servicios\/servicio-a-cazadores\/","title":{"rendered":"Servicio a Cazadores"},"content":{"rendered":"<p style=\"text-align: center;\">\r\n\t<div class=\"slideshow_container slideshow_container_style-light\" style=\"height: 250px; \" data-slideshow-id=\"21\" data-style-name=\"style-light\" data-style-version=\"2.3.1\" >\r\n\r\n\t\t\r\n\t\t<div class=\"slideshow_content\" style=\"display: none;\">\r\n\r\n\t\t\t<div class=\"slideshow_view\">\r\n\t\t\t\t<div class=\"slideshow_slide slideshow_slide_image\">\r\n\t\t\t\t\t\t\t\t\t\t\t<img src=\"https:\/\/psicotecnicosmanzanares.com\/wp-content\/uploads\/2021\/04\/Certificados-PsicoManzanares.jpg\" alt=\"Certificados-PsicoManzanares\" width=\"900\" height=\"363\" \/>\r\n\t\t\t\t\t\t\t\t\t\t<div class=\"slideshow_description_box slideshow_transparent\">\r\n\t\t\t\t\t\t<div class=\"slideshow_title\">Certificados-PsicoManzanares<\/div>\t\t\t\t\t\t\t\t\t\t\t<\/div>\r\n\t\t\t\t<\/div>\r\n\r\n\t\t\t\t\t\t<div style=\"clear: both;\"><\/div><\/div><div class=\"slideshow_view\">\r\n\t\t\t\t<div class=\"slideshow_slide slideshow_slide_image\">\r\n\t\t\t\t\t\t\t\t\t\t\t<img src=\"https:\/\/psicotecnicosmanzanares.com\/wp-content\/uploads\/2019\/03\/servicio-a-conductores.jpg\" alt=\"servicio a conductores\" width=\"900\" height=\"363\" \/>\r\n\t\t\t\t\t\t\t\t\t\t<div class=\"slideshow_description_box slideshow_transparent\">\r\n\t\t\t\t\t\t<div class=\"slideshow_title\">servicio a conductores<\/div>\t\t\t\t\t\t\t\t\t\t\t<\/div>\r\n\t\t\t\t<\/div>\r\n\r\n\t\t\t\t\t\t<div style=\"clear: both;\"><\/div><\/div><div class=\"slideshow_view\">\r\n\t\t\t\t<div class=\"slideshow_slide slideshow_slide_image\">\r\n\t\t\t\t\t\t\t\t\t\t\t<img src=\"https:\/\/psicotecnicosmanzanares.com\/wp-content\/uploads\/2019\/03\/cazadores.jpg\" alt=\"cazadores\" width=\"900\" height=\"363\" \/>\r\n\t\t\t\t\t\t\t\t\t\t<div class=\"slideshow_description_box slideshow_transparent\">\r\n\t\t\t\t\t\t<div class=\"slideshow_title\">cazadores<\/div>\t\t\t\t\t\t\t\t\t\t\t<\/div>\r\n\t\t\t\t<\/div>\r\n\r\n\t\t\t\t\t\t<div style=\"clear: both;\"><\/div><\/div><div class=\"slideshow_view\">\r\n\t\t\t\t<div class=\"slideshow_slide slideshow_slide_image\">\r\n\t\t\t\t\t\t\t\t\t\t\t<img src=\"https:\/\/psicotecnicosmanzanares.com\/wp-content\/uploads\/2019\/03\/animales-peligrosos.jpg\" alt=\"animales peligrosos\" width=\"900\" height=\"363\" \/>\r\n\t\t\t\t\t\t\t\t\t\t<div class=\"slideshow_description_box slideshow_transparent\">\r\n\t\t\t\t\t\t<div class=\"slideshow_title\">animales peligrosos<\/div>\t\t\t\t\t\t\t\t\t\t\t<\/div>\r\n\t\t\t\t<\/div>\r\n\r\n\t\t\t\t\t\t<div style=\"clear: both;\"><\/div><\/div><div class=\"slideshow_view\">\r\n\t\t\t\t<div class=\"slideshow_slide slideshow_slide_image\">\r\n\t\t\t\t\t\t\t\t\t\t\t<img src=\"https:\/\/psicotecnicosmanzanares.com\/wp-content\/uploads\/2019\/03\/vigilante-de-seguridad.jpg\" alt=\"vigilante de seguridad\" width=\"900\" height=\"363\" \/>\r\n\t\t\t\t\t\t\t\t\t\t<div class=\"slideshow_description_box slideshow_transparent\">\r\n\t\t\t\t\t\t<div class=\"slideshow_title\">vigilante de seguridad<\/div>\t\t\t\t\t\t\t\t\t\t\t<\/div>\r\n\t\t\t\t<\/div>\r\n\r\n\t\t\t\t\t\t<div style=\"clear: both;\"><\/div><\/div><div class=\"slideshow_view\">\r\n\t\t\t\t<div class=\"slideshow_slide slideshow_slide_image\">\r\n\t\t\t\t\t\t\t\t\t\t\t<img src=\"https:\/\/psicotecnicosmanzanares.com\/wp-content\/uploads\/2019\/03\/grua.jpg\" alt=\"grua\" width=\"900\" height=\"363\" \/>\r\n\t\t\t\t\t\t\t\t\t\t<div class=\"slideshow_description_box slideshow_transparent\">\r\n\t\t\t\t\t\t<div class=\"slideshow_title\">grua<\/div>\t\t\t\t\t\t\t\t\t\t\t<\/div>\r\n\t\t\t\t<\/div>\r\n\r\n\t\t\t\t\t\t<div style=\"clear: both;\"><\/div><\/div>\r\n\t\t<\/div>\r\n\r\n\t\t<div class=\"slideshow_controlPanel slideshow_transparent\" style=\"display: none;\"><ul><li class=\"slideshow_togglePlay\" data-play-text=\"Play\" data-pause-text=\"Pause\"><\/li><\/ul><\/div>\r\n\r\n\t\t<div class=\"slideshow_button slideshow_previous slideshow_transparent\" role=\"button\" data-previous-text=\"Previous\" style=\"display: none;\"><\/div>\r\n\t\t<div class=\"slideshow_button slideshow_next slideshow_transparent\" role=\"button\" data-next-text=\"Next\" style=\"display: none;\"><\/div>\r\n\r\n\t\t<div class=\"slideshow_pagination\" style=\"display: none;\" data-go-to-text=\"Go to slide\"><div class=\"slideshow_pagination_center\"><\/div><\/div>\r\n\r\n\t\t<!-- WordPress Slideshow Version 2.3.1 -->\r\n\r\n\t\t\t<\/div>\r\n\r\n<\/p>\n<h4 style=\"text-align: center;\"><span style=\"color: #0088cc;\"><strong>Psicot\u00e9cnicos Manzanares<\/strong><\/span>,\u00a0<strong>Centro Oficial de Reconocimiento M\u00e9dico de Conductores y Cazadores<br \/>\n<\/strong><strong>Autorizado por la Direcci\u00f3n General de Tr\u00e1fico (N\u00ba CR-0049)<\/strong><\/h4>\n<p style=\"text-align: justify;\">Seg\u00fan la legislaci\u00f3n vigente, nadie podr\u00e1 portar o poseer armas de fuego en territorio espa\u00f1ol sin disponer de la correspondiente autorizaci\u00f3n administrativa.<\/p>\n<p style=\"text-align: justify;\">En\u00a0<span style=\"color: #0088cc;\"><strong>Psicot\u00e9cnicos Manzanares<\/strong><\/span>, se le realizar\u00e1n las\u00a0<strong>fotograf\u00edas<\/strong>\u00a0y las\u00a0<strong>pruebas de aptitud psicof\u00edsicas<\/strong>\u00a0para la\u00a0<strong>obtenci\u00f3n o renovaci\u00f3n del permiso de armas<\/strong>, proporcion\u00e1ndole el\u00a0<strong>Certificado<\/strong>\u00a0necesario para su tramitaci\u00f3n en el Cuartel de la\u00a0<strong>Guardia Civil<\/strong>.<\/p>\n<p style=\"text-align: justify;\">Para la\u00a0<strong>obtenci\u00f3n o renovaci\u00f3n del permiso de armas<\/strong>, deber\u00e1 presentar su\u00a0<strong>DNI o Tarjeta de Residencia en vigor<\/strong>\u00a0y su\u00a0<strong>Permiso de Armas<\/strong>, en caso de renovaci\u00f3n.<\/p>\n<p><img loading=\"lazy\" class=\"aligncenter size-full wp-image-32\" src=\"https:\/\/psicotecnicosmanzanares.com\/wp-content\/uploads\/2019\/03\/caza200.jpg\" alt=\"\" width=\"200\" height=\"200\" srcset=\"https:\/\/psicotecnicosmanzanares.com\/wp-content\/uploads\/2019\/03\/caza200.jpg 200w, https:\/\/psicotecnicosmanzanares.com\/wp-content\/uploads\/2019\/03\/caza200-150x150.jpg 150w\" sizes=\"(max-width: 200px) 100vw, 200px\" \/><\/p>\n","protected":false},"excerpt":{"rendered":"<p>Psicot\u00e9cnicos Manzanares,\u00a0Centro Oficial de Reconocimiento M\u00e9dico de Conductores y Cazadores Autorizado por la Direcci\u00f3n General de Tr\u00e1fico (N\u00ba CR-0049) Seg\u00fan la legislaci\u00f3n vigente, nadie podr\u00e1 portar o poseer armas de <a class=\"more-link\" href=\"https:\/\/psicotecnicosmanzanares.com\/index.php\/servicios\/servicio-a-cazadores\/\">Continuar Leyendo \u2192<\/a><\/p>\n","protected":false},"author":2,"featured_media":0,"parent":20,"menu_order":2,"comment_status":"closed","ping_status":"closed","template":"","meta":{"spay_email":""},"jetpack_sharing_enabled":true,"jetpack_shortlink":"https:\/\/wp.me\/PaR2RI-N","_links":{"self":[{"href":"https:\/\/psicotecnicosmanzanares.com\/index.php\/wp-json\/wp\/v2\/pages\/49"}],"collection":[{"href":"https:\/\/psicotecnicosmanzanares.com\/index.php\/wp-json\/wp\/v2\/pages"}],"about":[{"href":"https:\/\/psicotecnicosmanzanares.com\/index.php\/wp-json\/wp\/v2\/types\/page"}],"author":[{"embeddable":true,"href":"https:\/\/psicotecnicosmanzanares.com\/index.php\/wp-json\/wp\/v2\/users\/2"}],"replies":[{"embeddable":true,"href":"https:\/\/psicotecnicosmanzanares.com\/index.php\/wp-json\/wp\/v2\/comments?post=49"}],"version-history":[{"count":8,"href":"https:\/\/psicotecnicosmanzanares.com\/index.php\/wp-json\/wp\/v2\/pages\/49\/revisions"}],"predecessor-version":[{"id":181,"href":"https:\/\/psicotecnicosmanzanares.com\/index.php\/wp-json\/wp\/v2\/pages\/49\/revisions\/181"}],"up":[{"embeddable":true,"href":"https:\/\/psicotecnicosmanzanares.com\/index.php\/wp-json\/wp\/v2\/pages\/20"}],"wp:attachment":[{"href":"https:\/\/psicotecnicosmanzanares.com\/index.php\/wp-json\/wp\/v2\/media?parent=49"}],"curies":[{"name":"wp","href":"https:\/\/api.w.org\/{rel}","templated":true}]}}