{"id":71,"date":"2019-03-30T21:09:27","date_gmt":"2019-03-30T20:09:27","guid":{"rendered":"https:\/\/psicotecnicosmanzanares.com\/?page_id=71"},"modified":"2021-04-26T12:37:30","modified_gmt":"2021-04-26T10:37:30","slug":"ubicacion","status":"publish","type":"page","link":"https:\/\/psicotecnicosmanzanares.com\/index.php\/ubicacion\/","title":{"rendered":"Ubicaci\u00f3n"},"content":{"rendered":"<p>&nbsp;<\/p>\n<p><img loading=\"lazy\" class=\"aligncenter wp-image-182 size-full\" src=\"https:\/\/psicotecnicosmanzanares.com\/wp-content\/uploads\/2021\/04\/001.jpg\" alt=\"\" width=\"900\" height=\"247\" srcset=\"https:\/\/psicotecnicosmanzanares.com\/wp-content\/uploads\/2021\/04\/001.jpg 900w, https:\/\/psicotecnicosmanzanares.com\/wp-content\/uploads\/2021\/04\/001-300x82.jpg 300w, https:\/\/psicotecnicosmanzanares.com\/wp-content\/uploads\/2021\/04\/001-768x211.jpg 768w\" sizes=\"(max-width: 900px) 100vw, 900px\" \/><\/p>\n<h4 style=\"margin: 0cm; margin-bottom: .0001pt; text-align: center; background: white;\" align=\"center\"><span style=\"font-family: 'Arial',sans-serif; color: #404040;\">Estamos en una zona con excelente aparcamiento, a unos 70 mts. del<strong><span style=\"font-family: 'Arial',sans-serif;\">\u00a0Hospital Virgen de Altagracia<\/span><\/strong>, \u00a0en la\u00a0<strong><span style=\"font-family: 'Arial',sans-serif;\">Avenida Emiliano Garc\u00eda Rold\u00e1n, n\u00fam. 19 de Manzanares.<\/span><\/strong><\/span><\/h4>\n<p><img loading=\"lazy\" class=\"aligncenter wp-image-187 size-full\" src=\"https:\/\/psicotecnicosmanzanares.com\/wp-content\/uploads\/2021\/04\/ubicacion.png\" alt=\"\" width=\"900\" height=\"576\" srcset=\"https:\/\/psicotecnicosmanzanares.com\/wp-content\/uploads\/2021\/04\/ubicacion.png 900w, https:\/\/psicotecnicosmanzanares.com\/wp-content\/uploads\/2021\/04\/ubicacion-300x192.png 300w, https:\/\/psicotecnicosmanzanares.com\/wp-content\/uploads\/2021\/04\/ubicacion-768x492.png 768w\" sizes=\"(max-width: 900px) 100vw, 900px\" \/><\/p>\n","protected":false},"excerpt":{"rendered":"<p>&nbsp; Estamos en una zona con excelente aparcamiento, a unos 70 mts. del\u00a0Hospital Virgen de Altagracia, \u00a0en la\u00a0Avenida Emiliano Garc\u00eda Rold\u00e1n, n\u00fam. 19 de Manzanares.<\/p>\n","protected":false},"author":2,"featured_media":0,"parent":0,"menu_order":4,"comment_status":"closed","ping_status":"closed","template":"","meta":{"spay_email":""},"jetpack_sharing_enabled":true,"jetpack_shortlink":"https:\/\/wp.me\/PaR2RI-19","_links":{"self":[{"href":"https:\/\/psicotecnicosmanzanares.com\/index.php\/wp-json\/wp\/v2\/pages\/71"}],"collection":[{"href":"https:\/\/psicotecnicosmanzanares.com\/index.php\/wp-json\/wp\/v2\/pages"}],"about":[{"href":"https:\/\/psicotecnicosmanzanares.com\/index.php\/wp-json\/wp\/v2\/types\/page"}],"author":[{"embeddable":true,"href":"https:\/\/psicotecnicosmanzanares.com\/index.php\/wp-json\/wp\/v2\/users\/2"}],"replies":[{"embeddable":true,"href":"https:\/\/psicotecnicosmanzanares.com\/index.php\/wp-json\/wp\/v2\/comments?post=71"}],"version-history":[{"count":8,"href":"https:\/\/psicotecnicosmanzanares.com\/index.php\/wp-json\/wp\/v2\/pages\/71\/revisions"}],"predecessor-version":[{"id":193,"href":"https:\/\/psicotecnicosmanzanares.com\/index.php\/wp-json\/wp\/v2\/pages\/71\/revisions\/193"}],"wp:attachment":[{"href":"https:\/\/psicotecnicosmanzanares.com\/index.php\/wp-json\/wp\/v2\/media?parent=71"}],"curies":[{"name":"wp","href":"https:\/\/api.w.org\/{rel}","templated":true}]}}