{"id":76,"date":"2019-03-30T21:11:50","date_gmt":"2019-03-30T20:11:50","guid":{"rendered":"https:\/\/psicotecnicosmanzanares.com\/?page_id=76"},"modified":"2021-04-26T12:38:25","modified_gmt":"2021-04-26T10:38:25","slug":"preguntas-frecuentes","status":"publish","type":"page","link":"https:\/\/psicotecnicosmanzanares.com\/index.php\/preguntas-frecuentes\/","title":{"rendered":"Preguntas Frecuentes"},"content":{"rendered":"<p style=\"text-align: center;\">\r\n\t<div class=\"slideshow_container slideshow_container_style-light\" style=\"height: 247px; \" data-slideshow-id=\"64\" data-style-name=\"style-light\" data-style-version=\"2.3.1\" >\r\n\r\n\t\t\r\n\t\t<div class=\"slideshow_content\" style=\"display: none;\">\r\n\r\n\t\t\t<div class=\"slideshow_view\">\r\n\t\t\t\t<div class=\"slideshow_slide slideshow_slide_image\">\r\n\t\t\t\t\t\t\t\t\t\t\t<img src=\"https:\/\/psicotecnicosmanzanares.com\/wp-content\/uploads\/2021\/04\/001.jpg\" alt=\"001\" width=\"900\" height=\"247\" \/>\r\n\t\t\t\t\t\t\t\t\t\t<div class=\"slideshow_description_box slideshow_transparent\">\r\n\t\t\t\t\t\t<div class=\"slideshow_title\">001<\/div>\t\t\t\t\t\t\t\t\t\t\t<\/div>\r\n\t\t\t\t<\/div>\r\n\r\n\t\t\t\t\t\t<div style=\"clear: both;\"><\/div><\/div><div class=\"slideshow_view\">\r\n\t\t\t\t<div class=\"slideshow_slide slideshow_slide_image\">\r\n\t\t\t\t\t\t\t\t\t\t\t<img src=\"https:\/\/psicotecnicosmanzanares.com\/wp-content\/uploads\/2019\/03\/002.jpg\" alt=\"002\" width=\"900\" height=\"247\" \/>\r\n\t\t\t\t\t\t\t\t\t\t<div class=\"slideshow_description_box slideshow_transparent\">\r\n\t\t\t\t\t\t<div class=\"slideshow_title\">002<\/div>\t\t\t\t\t\t\t\t\t\t\t<\/div>\r\n\t\t\t\t<\/div>\r\n\r\n\t\t\t\t\t\t<div style=\"clear: both;\"><\/div><\/div><div class=\"slideshow_view\">\r\n\t\t\t\t<div class=\"slideshow_slide slideshow_slide_image\">\r\n\t\t\t\t\t\t\t\t\t\t\t<img src=\"https:\/\/psicotecnicosmanzanares.com\/wp-content\/uploads\/2019\/03\/003.jpg\" alt=\"003\" width=\"900\" height=\"247\" \/>\r\n\t\t\t\t\t\t\t\t\t\t<div class=\"slideshow_description_box slideshow_transparent\">\r\n\t\t\t\t\t\t<div class=\"slideshow_title\">003<\/div>\t\t\t\t\t\t\t\t\t\t\t<\/div>\r\n\t\t\t\t<\/div>\r\n\r\n\t\t\t\t\t\t<div style=\"clear: both;\"><\/div><\/div><div class=\"slideshow_view\">\r\n\t\t\t\t<div class=\"slideshow_slide slideshow_slide_image\">\r\n\t\t\t\t\t\t\t\t\t\t\t<img src=\"https:\/\/psicotecnicosmanzanares.com\/wp-content\/uploads\/2019\/03\/004.jpg\" alt=\"004\" width=\"900\" height=\"247\" \/>\r\n\t\t\t\t\t\t\t\t\t\t<div class=\"slideshow_description_box slideshow_transparent\">\r\n\t\t\t\t\t\t<div class=\"slideshow_title\">004<\/div>\t\t\t\t\t\t\t\t\t\t\t<\/div>\r\n\t\t\t\t<\/div>\r\n\r\n\t\t\t\t\t\t<div style=\"clear: both;\"><\/div><\/div><div class=\"slideshow_view\">\r\n\t\t\t\t<div class=\"slideshow_slide slideshow_slide_image\">\r\n\t\t\t\t\t\t\t\t\t\t\t<img src=\"https:\/\/psicotecnicosmanzanares.com\/wp-content\/uploads\/2019\/03\/005.jpg\" alt=\"005\" width=\"900\" height=\"247\" \/>\r\n\t\t\t\t\t\t\t\t\t\t<div class=\"slideshow_description_box slideshow_transparent\">\r\n\t\t\t\t\t\t<div class=\"slideshow_title\">005<\/div>\t\t\t\t\t\t\t\t\t\t\t<\/div>\r\n\t\t\t\t<\/div>\r\n\r\n\t\t\t\t\t\t<div style=\"clear: both;\"><\/div><\/div>\r\n\t\t<\/div>\r\n\r\n\t\t<div class=\"slideshow_controlPanel slideshow_transparent\" style=\"display: none;\"><ul><li class=\"slideshow_togglePlay\" data-play-text=\"Play\" data-pause-text=\"Pause\"><\/li><\/ul><\/div>\r\n\r\n\t\t<div class=\"slideshow_button slideshow_previous slideshow_transparent\" role=\"button\" data-previous-text=\"Previous\" style=\"display: none;\"><\/div>\r\n\t\t<div class=\"slideshow_button slideshow_next slideshow_transparent\" role=\"button\" data-next-text=\"Next\" style=\"display: none;\"><\/div>\r\n\r\n\t\t<div class=\"slideshow_pagination\" style=\"display: none;\" data-go-to-text=\"Go to slide\"><div class=\"slideshow_pagination_center\"><\/div><\/div>\r\n\r\n\t\t<!-- WordPress Slideshow Version 2.3.1 -->\r\n\r\n\t\t\t<\/div>\r\n\r\n<\/p>\n<ul>\n<li>\n<h4><span style=\"color: #0088cc;\"><strong>\u00bfCu\u00e1l es la vigencia de mi carn\u00e9 de conducir?<\/strong><\/span><\/h4>\n<\/li>\n<\/ul>\n<p style=\"text-align: justify;\">El permiso de conducci\u00f3n de las clases<strong>\u00a0BTP, C1, C1 + E, C, C + E, D1, D1 + E, D y D + E<\/strong>\u00a0tendr\u00e1 un per\u00edodo de\u00a0<strong>vigencia de cinco a\u00f1os<\/strong>\u00a0mientras su titular no cumpla los\u00a0<strong>sesenta y cinco a\u00f1os<\/strong>\u00a0y de\u00a0<strong>tres a\u00f1os<\/strong>\u00a0a partir de esa edad.<\/p>\n<p style=\"text-align: justify;\">El permiso de las\u00a0<strong>clases restantes<\/strong>\u00a0y la licencia de conducci\u00f3n, cualquiera que sea su clase, tendr\u00e1n un per\u00edodo de\u00a0<strong>vigencia de diez a\u00f1os<\/strong>\u00a0mientras su titular no cumpla los<strong>\u00a0sesenta y cinco a\u00f1os<\/strong>\u00a0y de\u00a0<strong>cinco a\u00f1os<\/strong>\u00a0a partir de esa edad.<\/p>\n<ul>\n<li>\n<h4><span style=\"color: #0088cc;\"><strong>\u00bfQu\u00e9 ocurre si descubro que llevo tiempo con el carn\u00e9 caducado?<\/strong><\/span><\/h4>\n<\/li>\n<\/ul>\n<p style=\"text-align: justify;\">No se preocupe, en cuanto a la renovaci\u00f3n se refiere\u00a0<strong>no ser\u00e1 sancionado<\/strong>\u00a0por ello, sea cual sea el tiempo que lo tenga caducado. \u00danicamente\u00a0<b>es importante\u00a0<\/b>que<strong>\u00a0evite conducir, bajo cualquier concepto<\/strong>, con el permiso caducado. En ese caso<strong>\u00a0la sanci\u00f3n puede ser grave<\/strong>\u00a0y adem\u00e1s puede tener serios\u00a0<strong>problemas con su seguro<\/strong>\u00a0en caso de accidente. Acuda a la mayor brevedad a renovarlo. Una vez efectuado el reconocimiento, si es Apto, podr\u00e1 conducir desde ese mismo instante con un permiso temporal que le entregaremos.<\/p>\n<ul>\n<li>\n<h4><span style=\"color: #0088cc;\"><strong>\u00bfTengo que acudir a la Jefatura Provincial de Tr\u00e1fico de Ciudad Real para renovar mi carn\u00e9 de conducir?<\/strong><\/span><\/h4>\n<\/li>\n<\/ul>\n<p style=\"text-align: justify;\">Ya no es necesario. Desde la entrada en vigor de la nueva Ley de Centros de Reconocimiento de Conductores de Febrero de 2010, le tramitamos a trav\u00e9s de\u00a0<strong>v\u00eda telem\u00e1tica<\/strong>\u00a0su permiso de Conducci\u00f3n con Tr\u00e1fico, sin necesidad de acercarse \u00a0a la Jefatura Provincial de Tr\u00e1fico de Ciudad Real, ni de traer fotograf\u00edas o fotocopias al centro.<\/p>\n<ul>\n<li>\n<h4><span style=\"color: #0088cc;\"><strong>\u00bfLos periodos de vigencia se establecen \u00fanicamente en funci\u00f3n de la edad?<\/strong><\/span><\/h4>\n<\/li>\n<\/ul>\n<p style=\"text-align: justify;\">No. Podr\u00e1n reducirse si, en el momento de su obtenci\u00f3n o de su renovaci\u00f3n, se comprueba que su titular padece\u00a0<strong>enfermedad o deficiencia<\/strong>\u00a0que, si bien de momento no impide aqu\u00e9lla, es susceptible de agravarse.<\/p>\n<ul>\n<li>\n<h4><span style=\"color: #0088cc;\"><strong>\u00bfSi me caduca el carn\u00e9 de conducir tengo que volver a examinarme?<\/strong><\/span><\/h4>\n<\/li>\n<\/ul>\n<p style=\"text-align: justify;\">No tiene que volver a examinarse. Una vez pasada la fecha de caducidad\u00a0<strong>puede prorrogar sin l\u00edmite de tiempo<\/strong>,\u00a0<strong>sin tener que volver a examinarse<\/strong>, ni perdiendo la antig\u00fcedad. Recordarle que conducir con el permiso de conducir\u00a0<strong>caducado<\/strong>\u00a0conlleva una<strong>\u00a0multa de 200 \u20ac.<\/strong><\/p>\n<ul>\n<li>\n<h4><span style=\"color: #0088cc;\"><strong>\u00bfEs necesario renovar el carn\u00e9 en mi provincia de residencia?<\/strong><\/span><\/h4>\n<\/li>\n<\/ul>\n<p style=\"text-align: justify;\">Si usted est\u00e1 de paso o reside temporalmente en Manzanares (o cualquier otra localidad de Ciudad Real) y descubre que su carn\u00e9 de conducir est\u00e1 caducado, puede acudir a nuestro centro de reconocimiento para renovar el carn\u00e9 sin necesidad de desplazarse a la provincia donde est\u00e1 empadronado.<\/p>\n","protected":false},"excerpt":{"rendered":"<p>\u00bfCu\u00e1l es la vigencia de mi carn\u00e9 de conducir? El permiso de conducci\u00f3n de las clases\u00a0BTP, C1, C1 + E, C, C + E, D1, D1 + E, D y <a class=\"more-link\" href=\"https:\/\/psicotecnicosmanzanares.com\/index.php\/preguntas-frecuentes\/\">Continuar Leyendo \u2192<\/a><\/p>\n","protected":false},"author":2,"featured_media":0,"parent":0,"menu_order":5,"comment_status":"closed","ping_status":"closed","template":"","meta":{"spay_email":""},"jetpack_sharing_enabled":true,"jetpack_shortlink":"https:\/\/wp.me\/PaR2RI-1e","_links":{"self":[{"href":"https:\/\/psicotecnicosmanzanares.com\/index.php\/wp-json\/wp\/v2\/pages\/76"}],"collection":[{"href":"https:\/\/psicotecnicosmanzanares.com\/index.php\/wp-json\/wp\/v2\/pages"}],"about":[{"href":"https:\/\/psicotecnicosmanzanares.com\/index.php\/wp-json\/wp\/v2\/types\/page"}],"author":[{"embeddable":true,"href":"https:\/\/psicotecnicosmanzanares.com\/index.php\/wp-json\/wp\/v2\/users\/2"}],"replies":[{"embeddable":true,"href":"https:\/\/psicotecnicosmanzanares.com\/index.php\/wp-json\/wp\/v2\/comments?post=76"}],"version-history":[{"count":4,"href":"https:\/\/psicotecnicosmanzanares.com\/index.php\/wp-json\/wp\/v2\/pages\/76\/revisions"}],"predecessor-version":[{"id":194,"href":"https:\/\/psicotecnicosmanzanares.com\/index.php\/wp-json\/wp\/v2\/pages\/76\/revisions\/194"}],"wp:attachment":[{"href":"https:\/\/psicotecnicosmanzanares.com\/index.php\/wp-json\/wp\/v2\/media?parent=76"}],"curies":[{"name":"wp","href":"https:\/\/api.w.org\/{rel}","templated":true}]}}