{"id":78,"date":"2019-03-30T21:14:33","date_gmt":"2019-03-30T20:14:33","guid":{"rendered":"https:\/\/psicotecnicosmanzanares.com\/?page_id=78"},"modified":"2021-04-26T12:38:59","modified_gmt":"2021-04-26T10:38:59","slug":"noticias","status":"publish","type":"page","link":"https:\/\/psicotecnicosmanzanares.com\/index.php\/noticias\/","title":{"rendered":"Noticias"},"content":{"rendered":"<p style=\"text-align: center;\">\r\n\t<div class=\"slideshow_container slideshow_container_style-light\" style=\"height: 247px; \" data-slideshow-id=\"64\" data-style-name=\"style-light\" data-style-version=\"2.3.1\" >\r\n\r\n\t\t\r\n\t\t<div class=\"slideshow_content\" style=\"display: none;\">\r\n\r\n\t\t\t<div class=\"slideshow_view\">\r\n\t\t\t\t<div class=\"slideshow_slide slideshow_slide_image\">\r\n\t\t\t\t\t\t\t\t\t\t\t<img src=\"https:\/\/psicotecnicosmanzanares.com\/wp-content\/uploads\/2021\/04\/001.jpg\" alt=\"001\" width=\"900\" height=\"247\" \/>\r\n\t\t\t\t\t\t\t\t\t\t<div class=\"slideshow_description_box slideshow_transparent\">\r\n\t\t\t\t\t\t<div class=\"slideshow_title\">001<\/div>\t\t\t\t\t\t\t\t\t\t\t<\/div>\r\n\t\t\t\t<\/div>\r\n\r\n\t\t\t\t\t\t<div style=\"clear: both;\"><\/div><\/div><div class=\"slideshow_view\">\r\n\t\t\t\t<div class=\"slideshow_slide slideshow_slide_image\">\r\n\t\t\t\t\t\t\t\t\t\t\t<img src=\"https:\/\/psicotecnicosmanzanares.com\/wp-content\/uploads\/2019\/03\/002.jpg\" alt=\"002\" width=\"900\" height=\"247\" \/>\r\n\t\t\t\t\t\t\t\t\t\t<div class=\"slideshow_description_box slideshow_transparent\">\r\n\t\t\t\t\t\t<div class=\"slideshow_title\">002<\/div>\t\t\t\t\t\t\t\t\t\t\t<\/div>\r\n\t\t\t\t<\/div>\r\n\r\n\t\t\t\t\t\t<div style=\"clear: both;\"><\/div><\/div><div class=\"slideshow_view\">\r\n\t\t\t\t<div class=\"slideshow_slide slideshow_slide_image\">\r\n\t\t\t\t\t\t\t\t\t\t\t<img src=\"https:\/\/psicotecnicosmanzanares.com\/wp-content\/uploads\/2019\/03\/003.jpg\" alt=\"003\" width=\"900\" height=\"247\" \/>\r\n\t\t\t\t\t\t\t\t\t\t<div class=\"slideshow_description_box slideshow_transparent\">\r\n\t\t\t\t\t\t<div class=\"slideshow_title\">003<\/div>\t\t\t\t\t\t\t\t\t\t\t<\/div>\r\n\t\t\t\t<\/div>\r\n\r\n\t\t\t\t\t\t<div style=\"clear: both;\"><\/div><\/div><div class=\"slideshow_view\">\r\n\t\t\t\t<div class=\"slideshow_slide slideshow_slide_image\">\r\n\t\t\t\t\t\t\t\t\t\t\t<img src=\"https:\/\/psicotecnicosmanzanares.com\/wp-content\/uploads\/2019\/03\/004.jpg\" alt=\"004\" width=\"900\" height=\"247\" \/>\r\n\t\t\t\t\t\t\t\t\t\t<div class=\"slideshow_description_box slideshow_transparent\">\r\n\t\t\t\t\t\t<div class=\"slideshow_title\">004<\/div>\t\t\t\t\t\t\t\t\t\t\t<\/div>\r\n\t\t\t\t<\/div>\r\n\r\n\t\t\t\t\t\t<div style=\"clear: both;\"><\/div><\/div><div class=\"slideshow_view\">\r\n\t\t\t\t<div class=\"slideshow_slide slideshow_slide_image\">\r\n\t\t\t\t\t\t\t\t\t\t\t<img src=\"https:\/\/psicotecnicosmanzanares.com\/wp-content\/uploads\/2019\/03\/005.jpg\" alt=\"005\" width=\"900\" height=\"247\" \/>\r\n\t\t\t\t\t\t\t\t\t\t<div class=\"slideshow_description_box slideshow_transparent\">\r\n\t\t\t\t\t\t<div class=\"slideshow_title\">005<\/div>\t\t\t\t\t\t\t\t\t\t\t<\/div>\r\n\t\t\t\t<\/div>\r\n\r\n\t\t\t\t\t\t<div style=\"clear: both;\"><\/div><\/div>\r\n\t\t<\/div>\r\n\r\n\t\t<div class=\"slideshow_controlPanel slideshow_transparent\" style=\"display: none;\"><ul><li class=\"slideshow_togglePlay\" data-play-text=\"Play\" data-pause-text=\"Pause\"><\/li><\/ul><\/div>\r\n\r\n\t\t<div class=\"slideshow_button slideshow_previous slideshow_transparent\" role=\"button\" data-previous-text=\"Previous\" style=\"display: none;\"><\/div>\r\n\t\t<div class=\"slideshow_button slideshow_next slideshow_transparent\" role=\"button\" data-next-text=\"Next\" style=\"display: none;\"><\/div>\r\n\r\n\t\t<div class=\"slideshow_pagination\" style=\"display: none;\" data-go-to-text=\"Go to slide\"><div class=\"slideshow_pagination_center\"><\/div><\/div>\r\n\r\n\t\t<!-- WordPress Slideshow Version 2.3.1 -->\r\n\r\n\t\t\t<\/div>\r\n\r\n<\/p>\n<p style=\"text-align: justify;\">Este apartado est\u00e1 reservado para podernos hacer eco de las noticias, eventos, actos, etc, que quieran remitirnos las asociaciones de Manzanares y comarca. Para ello, env\u00edanos por correo electr\u00f3nico el contenido de la noticia (texto, imagen, etc.) a la siguiente direcci\u00f3n de correo electr\u00f3nico:<\/p>\n<h4 style=\"text-align: center;\"><span style=\"color: #0088cc;\"><strong>psicotecnicosmanzanares@gmail.com<\/strong><\/span><\/h4>\n<p><img loading=\"lazy\" class=\"aligncenter size-full wp-image-79\" src=\"https:\/\/psicotecnicosmanzanares.com\/wp-content\/uploads\/2019\/03\/orla-participa.png\" alt=\"\" width=\"150\" height=\"170\" \/><\/p>\n<p>&nbsp;<\/p>\n","protected":false},"excerpt":{"rendered":"<p>Este apartado est\u00e1 reservado para podernos hacer eco de las noticias, eventos, actos, etc, que quieran remitirnos las asociaciones de Manzanares y comarca. Para ello, env\u00edanos por correo electr\u00f3nico el <a class=\"more-link\" href=\"https:\/\/psicotecnicosmanzanares.com\/index.php\/noticias\/\">Continuar Leyendo \u2192<\/a><\/p>\n","protected":false},"author":2,"featured_media":0,"parent":0,"menu_order":6,"comment_status":"closed","ping_status":"closed","template":"","meta":{"spay_email":""},"jetpack_sharing_enabled":true,"jetpack_shortlink":"https:\/\/wp.me\/PaR2RI-1g","_links":{"self":[{"href":"https:\/\/psicotecnicosmanzanares.com\/index.php\/wp-json\/wp\/v2\/pages\/78"}],"collection":[{"href":"https:\/\/psicotecnicosmanzanares.com\/index.php\/wp-json\/wp\/v2\/pages"}],"about":[{"href":"https:\/\/psicotecnicosmanzanares.com\/index.php\/wp-json\/wp\/v2\/types\/page"}],"author":[{"embeddable":true,"href":"https:\/\/psicotecnicosmanzanares.com\/index.php\/wp-json\/wp\/v2\/users\/2"}],"replies":[{"embeddable":true,"href":"https:\/\/psicotecnicosmanzanares.com\/index.php\/wp-json\/wp\/v2\/comments?post=78"}],"version-history":[{"count":4,"href":"https:\/\/psicotecnicosmanzanares.com\/index.php\/wp-json\/wp\/v2\/pages\/78\/revisions"}],"predecessor-version":[{"id":195,"href":"https:\/\/psicotecnicosmanzanares.com\/index.php\/wp-json\/wp\/v2\/pages\/78\/revisions\/195"}],"wp:attachment":[{"href":"https:\/\/psicotecnicosmanzanares.com\/index.php\/wp-json\/wp\/v2\/media?parent=78"}],"curies":[{"name":"wp","href":"https:\/\/api.w.org\/{rel}","templated":true}]}}